{"id":263,"date":"2024-11-19T06:44:26","date_gmt":"2024-11-19T06:44:26","guid":{"rendered":"https:\/\/kaifcustom.com\/?page_id=263"},"modified":"2025-06-04T11:31:34","modified_gmt":"2025-06-04T11:31:34","slug":"about-us","status":"publish","type":"page","link":"https:\/\/kaifcustom.com\/en\/about-us\/","title":{"rendered":"About us"},"content":{"rendered":"<p><strong>BE DIFFERENT, BE KAIF<\/strong><\/p>\n\n\n\n<p>Ahojky, ja som t\u00e1 bl\u00e1zniv\u00e1 osoba, \u010do \u0161ije kabelky z l\u00f4pt.<br>Basketbal, futbal, americk\u00fd futbal? \u017diadny probl\u00e9m \u2013 rozre\u017eem, zo\u0161ijem, vytuningujem!<br>V\u00fdsledok? Kabelky, \u010do kri\u010dia: \u201cNebu\u010f nuda!\u201d<\/p>\n\n\n\n<p>KAIF vznikol z t\u00fa\u017eby prinies\u0165 m\u00f3du, ktor\u00e1 m\u00e1 du\u0161u, pr\u00edbeh a poriadny \u0161t\u00fdl. Na\u0161ou prioritou je, aby si sa s ka\u017ed\u00fdm k\u00faskom c\u00edtil(a) jedine\u010dne a sebavedomo.<\/p>\n\n\n\n<p>In\u0161pirujeme sa \u0161portovou kult\u00farou a pretv\u00e1rame ju na m\u00f3du, ktor\u00e1 p\u00fata pozornos\u0165. Lopty \u2013 premie\u0148ame na funk\u010dn\u00e9, \u0161t\u00fdlov\u00e9 kabelky, ktor\u00e9 v sebe nes\u00fa pohyb, energiu a osobitos\u0165.<\/p>\n\n\n\n<p>Aby si sa mohol(a) naozaj odl\u00ed\u0161i\u0165, pon\u00fakame aj personalizovan\u00e9 kabelky na mieru \u2013 vyskladaj si vlastn\u00fd dizajn pod\u013ea svojich predst\u00e1v a vytvor si jedine\u010dn\u00fd k\u00fasok, ktor\u00fd nikto in\u00fd nem\u00e1.<\/p>\n\n\n\n<p>Pracovali sme tri roky, k\u00fdm sme vytvorili kabelku, ktor\u00e1 splnila na\u0161e predstavy \u2013 od prv\u00e9ho n\u00e1padu a\u017e po dokonal\u00e9 spracovanie. Prv\u00fd prototyp vznikol v decembri 2023, a ofici\u00e1lne sme zna\u010dku uviedli na trh v marci 2024.<\/p>\n\n\n\n<p>V\u0161etky kabelky s\u00fa ru\u010dne vyr\u00e1ban\u00e9 na Slovensku, s d\u00f4razom na kvalitu, originalitu a prec\u00edznos\u0165.<\/p>\n\n\n\n<figure class=\"wp-block-image size-large\"><img loading=\"lazy\" decoding=\"async\" width=\"683\" height=\"1024\" src=\"https:\/\/kaifcustom.com\/wp-content\/uploads\/2025\/05\/IMG_8021-683x1024.jpg\" alt=\"\" class=\"wp-image-349\" srcset=\"https:\/\/kaifcustom.com\/wp-content\/uploads\/2025\/05\/IMG_8021-683x1024.jpg 683w, https:\/\/kaifcustom.com\/wp-content\/uploads\/2025\/05\/IMG_8021-200x300.jpg 200w, https:\/\/kaifcustom.com\/wp-content\/uploads\/2025\/05\/IMG_8021-768x1152.jpg 768w, https:\/\/kaifcustom.com\/wp-content\/uploads\/2025\/05\/IMG_8021-1024x1536.jpg 1024w, https:\/\/kaifcustom.com\/wp-content\/uploads\/2025\/05\/IMG_8021-1365x2048.jpg 1365w, https:\/\/kaifcustom.com\/wp-content\/uploads\/2025\/05\/IMG_8021-600x900.jpg 600w, https:\/\/kaifcustom.com\/wp-content\/uploads\/2025\/05\/IMG_8021-scaled.jpg 1707w\" sizes=\"auto, (max-width: 683px) 100vw, 683px\" \/><\/figure>","protected":false},"excerpt":{"rendered":"<p>BE DIFFERENT, BE KAIF Ahojky, ja som t\u00e1 bl\u00e1zniv\u00e1 osoba, \u010do \u0161ije kabelky z l\u00f4pt.Basketbal, futbal, americk\u00fd futbal? \u017diadny probl\u00e9m \u2013 rozre\u017eem, zo\u0161ijem, vytuningujem!V\u00fdsledok? Kabelky, \u010do kri\u010dia: \u201cNebu\u010f nuda!\u201d KAIF vznikol z t\u00fa\u017eby prinies\u0165 m\u00f3du, ktor\u00e1 m\u00e1 du\u0161u, pr\u00edbeh a poriadny \u0161t\u00fdl. Na\u0161ou prioritou je, aby si sa s ka\u017ed\u00fdm k\u00faskom c\u00edtil(a) jedine\u010dne a sebavedomo. [&hellip;]<\/p>\n","protected":false},"author":2,"featured_media":0,"parent":0,"menu_order":0,"comment_status":"closed","ping_status":"closed","template":"","meta":{"footnotes":""},"class_list":["post-263","page","type-page","status-publish","hentry"],"jetpack_sharing_enabled":true,"_links":{"self":[{"href":"https:\/\/kaifcustom.com\/en\/wp-json\/wp\/v2\/pages\/263","targetHints":{"allow":["GET"]}}],"collection":[{"href":"https:\/\/kaifcustom.com\/en\/wp-json\/wp\/v2\/pages"}],"about":[{"href":"https:\/\/kaifcustom.com\/en\/wp-json\/wp\/v2\/types\/page"}],"author":[{"embeddable":true,"href":"https:\/\/kaifcustom.com\/en\/wp-json\/wp\/v2\/users\/2"}],"replies":[{"embeddable":true,"href":"https:\/\/kaifcustom.com\/en\/wp-json\/wp\/v2\/comments?post=263"}],"version-history":[{"count":5,"href":"https:\/\/kaifcustom.com\/en\/wp-json\/wp\/v2\/pages\/263\/revisions"}],"predecessor-version":[{"id":365,"href":"https:\/\/kaifcustom.com\/en\/wp-json\/wp\/v2\/pages\/263\/revisions\/365"}],"wp:attachment":[{"href":"https:\/\/kaifcustom.com\/en\/wp-json\/wp\/v2\/media?parent=263"}],"curies":[{"name":"wp","href":"https:\/\/api.w.org\/{rel}","templated":true}]}}