{"id":177,"date":"2024-10-14T12:57:23","date_gmt":"2024-10-14T12:57:23","guid":{"rendered":"https:\/\/kaifcustom.com\/?post_type=product&#038;p=177"},"modified":"2026-04-19T18:40:29","modified_gmt":"2026-04-19T16:40:29","slug":"nike-juicy","status":"publish","type":"product","link":"https:\/\/kaifcustom.com\/en\/product\/nike-juicy\/","title":{"rendered":"JUICY"},"content":{"rendered":"<ul>\n<li>Ve\u013ekos\u0165 kabelky: 3 (54cm)<\/li>\n<li>Materi\u00e1l: Guma\/syntetick\u00e1 ko\u017ea<\/li>\n<li>Pod\u0161\u00edvka: Sat\u00e9n<\/li>\n<li>Horn\u00e9 rukov\u00e4te z \u010diernej ko\u017ee<\/li>\n<li>\u010cierny ko\u017een\u00fd remienok 120cm<\/li>\n<li>Ru\u010dn\u00e1 v\u00fdroba<\/li>\n<\/ul>","protected":false},"excerpt":{"rendered":"<p>KAIFCUSTOM kabelka<\/p>","protected":false},"featured_media":179,"comment_status":"open","ping_status":"closed","template":"","meta":[],"product_brand":[],"product_cat":[23],"product_tag":[22],"class_list":{"0":"post-177","1":"product","2":"type-product","3":"status-publish","4":"has-post-thumbnail","6":"product_cat-nba","7":"product_tag-nba","9":"first","10":"outofstock","11":"taxable","12":"shipping-taxable","13":"purchasable","14":"product-type-simple"},"jetpack_sharing_enabled":true,"_links":{"self":[{"href":"https:\/\/kaifcustom.com\/en\/wp-json\/wp\/v2\/product\/177","targetHints":{"allow":["GET"]}}],"collection":[{"href":"https:\/\/kaifcustom.com\/en\/wp-json\/wp\/v2\/product"}],"about":[{"href":"https:\/\/kaifcustom.com\/en\/wp-json\/wp\/v2\/types\/product"}],"replies":[{"embeddable":true,"href":"https:\/\/kaifcustom.com\/en\/wp-json\/wp\/v2\/comments?post=177"}],"wp:featuredmedia":[{"embeddable":true,"href":"https:\/\/kaifcustom.com\/en\/wp-json\/wp\/v2\/media\/179"}],"wp:attachment":[{"href":"https:\/\/kaifcustom.com\/en\/wp-json\/wp\/v2\/media?parent=177"}],"wp:term":[{"taxonomy":"product_brand","embeddable":true,"href":"https:\/\/kaifcustom.com\/en\/wp-json\/wp\/v2\/product_brand?post=177"},{"taxonomy":"product_cat","embeddable":true,"href":"https:\/\/kaifcustom.com\/en\/wp-json\/wp\/v2\/product_cat?post=177"},{"taxonomy":"product_tag","embeddable":true,"href":"https:\/\/kaifcustom.com\/en\/wp-json\/wp\/v2\/product_tag?post=177"}],"curies":[{"name":"wp","href":"https:\/\/api.w.org\/{rel}","templated":true}]}}