{"id":181,"date":"2024-10-14T12:59:03","date_gmt":"2024-10-14T12:59:03","guid":{"rendered":"https:\/\/kaifcustom.com\/?post_type=product&#038;p=181"},"modified":"2026-05-09T01:40:49","modified_gmt":"2026-05-08T23:40:49","slug":"black-on-black","status":"publish","type":"product","link":"https:\/\/kaifcustom.com\/en\/product\/black-on-black\/","title":{"rendered":"BLACK ON BLACK"},"content":{"rendered":"<ul>\n<li>Ve\u013ekos\u0165 kabelky: Ofici\u00e1lna (27.94cm &#8211; 28.58cm)<\/li>\n<li>Materi\u00e1l: Guma\/syntetick\u00e1 ko\u017ea<\/li>\n<li>Pod\u0161\u00edvka: Sat\u00e9n<\/li>\n<li>Horn\u00e9 rukov\u00e4te z \u010diernej ko\u017ee<\/li>\n<li>\u010cierny ko\u017een\u00fd remienok 120cm<\/li>\n<li>Ru\u010dn\u00e1 v\u00fdroba<\/li>\n<\/ul>","protected":false},"excerpt":{"rendered":"<p>THE STREETS WOW kabelka je custom kabelka zna\u010dky KAIF.<\/p>","protected":false},"featured_media":184,"comment_status":"open","ping_status":"closed","template":"","meta":[],"product_brand":[],"product_cat":[24],"product_tag":[27],"class_list":{"0":"post-181","1":"product","2":"type-product","3":"status-publish","4":"has-post-thumbnail","6":"product_cat-nfl","7":"product_tag-nfl","9":"first","10":"outofstock","11":"taxable","12":"shipping-taxable","13":"purchasable","14":"product-type-simple"},"jetpack_sharing_enabled":true,"_links":{"self":[{"href":"https:\/\/kaifcustom.com\/en\/wp-json\/wp\/v2\/product\/181","targetHints":{"allow":["GET"]}}],"collection":[{"href":"https:\/\/kaifcustom.com\/en\/wp-json\/wp\/v2\/product"}],"about":[{"href":"https:\/\/kaifcustom.com\/en\/wp-json\/wp\/v2\/types\/product"}],"replies":[{"embeddable":true,"href":"https:\/\/kaifcustom.com\/en\/wp-json\/wp\/v2\/comments?post=181"}],"wp:featuredmedia":[{"embeddable":true,"href":"https:\/\/kaifcustom.com\/en\/wp-json\/wp\/v2\/media\/184"}],"wp:attachment":[{"href":"https:\/\/kaifcustom.com\/en\/wp-json\/wp\/v2\/media?parent=181"}],"wp:term":[{"taxonomy":"product_brand","embeddable":true,"href":"https:\/\/kaifcustom.com\/en\/wp-json\/wp\/v2\/product_brand?post=181"},{"taxonomy":"product_cat","embeddable":true,"href":"https:\/\/kaifcustom.com\/en\/wp-json\/wp\/v2\/product_cat?post=181"},{"taxonomy":"product_tag","embeddable":true,"href":"https:\/\/kaifcustom.com\/en\/wp-json\/wp\/v2\/product_tag?post=181"}],"curies":[{"name":"wp","href":"https:\/\/api.w.org\/{rel}","templated":true}]}}