{"id":271,"date":"2024-11-19T06:57:31","date_gmt":"2024-11-19T06:57:31","guid":{"rendered":"https:\/\/kaifcustom.com\/?post_type=product&#038;p=271"},"modified":"2026-04-19T10:01:20","modified_gmt":"2026-04-19T08:01:20","slug":"custom-bag","status":"publish","type":"product","link":"https:\/\/kaifcustom.com\/en\/product\/custom-bag\/","title":{"rendered":"Custom Basket\/Football bag"},"content":{"rendered":"","protected":false},"excerpt":{"rendered":"<p><span style=\"color: #ff0000;\">V pr\u00edpade z\u00e1ujmu o custom produkt n\u00e1m nap\u00ed\u0161te na info@kaifcustom.com alebo na Instagram <a style=\"color: #ff0000;\" href=\"https:\/\/www.instagram.com\/kaifcustom\/\">@kaifcustom<\/a><\/span><\/p>","protected":false},"featured_media":813,"comment_status":"closed","ping_status":"closed","template":"","meta":[],"product_brand":[],"product_cat":[29],"product_tag":[],"class_list":{"0":"post-271","1":"product","2":"type-product","3":"status-publish","4":"has-post-thumbnail","6":"product_cat-custom","8":"first","9":"onbackorder","10":"virtual","11":"taxable","12":"product-type-simple"},"jetpack_sharing_enabled":true,"_links":{"self":[{"href":"https:\/\/kaifcustom.com\/en\/wp-json\/wp\/v2\/product\/271","targetHints":{"allow":["GET"]}}],"collection":[{"href":"https:\/\/kaifcustom.com\/en\/wp-json\/wp\/v2\/product"}],"about":[{"href":"https:\/\/kaifcustom.com\/en\/wp-json\/wp\/v2\/types\/product"}],"replies":[{"embeddable":true,"href":"https:\/\/kaifcustom.com\/en\/wp-json\/wp\/v2\/comments?post=271"}],"wp:featuredmedia":[{"embeddable":true,"href":"https:\/\/kaifcustom.com\/en\/wp-json\/wp\/v2\/media\/813"}],"wp:attachment":[{"href":"https:\/\/kaifcustom.com\/en\/wp-json\/wp\/v2\/media?parent=271"}],"wp:term":[{"taxonomy":"product_brand","embeddable":true,"href":"https:\/\/kaifcustom.com\/en\/wp-json\/wp\/v2\/product_brand?post=271"},{"taxonomy":"product_cat","embeddable":true,"href":"https:\/\/kaifcustom.com\/en\/wp-json\/wp\/v2\/product_cat?post=271"},{"taxonomy":"product_tag","embeddable":true,"href":"https:\/\/kaifcustom.com\/en\/wp-json\/wp\/v2\/product_tag?post=271"}],"curies":[{"name":"wp","href":"https:\/\/api.w.org\/{rel}","templated":true}]}}