{"id":71,"date":"2024-10-02T18:00:39","date_gmt":"2024-10-02T18:00:39","guid":{"rendered":"https:\/\/kaifcustom.com\/produkt\/leather-clad-leisure-chair\/"},"modified":"2026-05-05T19:02:56","modified_gmt":"2026-05-05T17:02:56","slug":"jumpman-blue","status":"publish","type":"product","link":"https:\/\/kaifcustom.com\/en\/product\/jumpman-blue\/","title":{"rendered":"BLUE JUMP GOLD"},"content":{"rendered":"<ul>\n<li>Ve\u013ekos\u0165 kabelky: 7 (77cm)<\/li>\n<li>Materi\u00e1l: Guma\/syntetick\u00e1 ko\u017ea<\/li>\n<li>Pod\u0161\u00edvka: Sat\u00e9n<\/li>\n<li>Horn\u00e9 rukov\u00e4te z \u010diernej ko\u017ee<\/li>\n<li>\u010cierny ko\u017een\u00fd remienok 120cm<\/li>\n<li>Ru\u010dn\u00e1 v\u00fdroba<\/li>\n<\/ul>","protected":false},"excerpt":{"rendered":"<p>KAIFCUSTOM kabelka<\/p>","protected":false},"featured_media":145,"comment_status":"open","ping_status":"closed","template":"","meta":[],"product_brand":[],"product_cat":[23],"product_tag":[21,22],"class_list":{"0":"post-71","1":"product","2":"type-product","3":"status-publish","4":"has-post-thumbnail","6":"product_cat-nba","7":"product_tag-jumpan","8":"product_tag-nba","10":"first","11":"onbackorder","12":"taxable","13":"shipping-taxable","14":"purchasable","15":"product-type-simple"},"jetpack_sharing_enabled":true,"_links":{"self":[{"href":"https:\/\/kaifcustom.com\/en\/wp-json\/wp\/v2\/product\/71","targetHints":{"allow":["GET"]}}],"collection":[{"href":"https:\/\/kaifcustom.com\/en\/wp-json\/wp\/v2\/product"}],"about":[{"href":"https:\/\/kaifcustom.com\/en\/wp-json\/wp\/v2\/types\/product"}],"replies":[{"embeddable":true,"href":"https:\/\/kaifcustom.com\/en\/wp-json\/wp\/v2\/comments?post=71"}],"wp:featuredmedia":[{"embeddable":true,"href":"https:\/\/kaifcustom.com\/en\/wp-json\/wp\/v2\/media\/145"}],"wp:attachment":[{"href":"https:\/\/kaifcustom.com\/en\/wp-json\/wp\/v2\/media?parent=71"}],"wp:term":[{"taxonomy":"product_brand","embeddable":true,"href":"https:\/\/kaifcustom.com\/en\/wp-json\/wp\/v2\/product_brand?post=71"},{"taxonomy":"product_cat","embeddable":true,"href":"https:\/\/kaifcustom.com\/en\/wp-json\/wp\/v2\/product_cat?post=71"},{"taxonomy":"product_tag","embeddable":true,"href":"https:\/\/kaifcustom.com\/en\/wp-json\/wp\/v2\/product_tag?post=71"}],"curies":[{"name":"wp","href":"https:\/\/api.w.org\/{rel}","templated":true}]}}