{"id":866,"date":"2026-05-05T18:57:55","date_gmt":"2026-05-05T16:57:55","guid":{"rendered":"https:\/\/kaifcustom.com\/?post_type=product&#038;p=866"},"modified":"2026-05-05T19:12:51","modified_gmt":"2026-05-05T17:12:51","slug":"juicy-holez-orange","status":"publish","type":"product","link":"https:\/\/kaifcustom.com\/en\/product\/juicy-holez-orange\/","title":{"rendered":"Juicy Hole&#8217;z Orange"},"content":{"rendered":"<ul>\n<li>Pri tomto produkte s\u00fa odli\u0161n\u00e9 farebn\u00e9 prvky na \u010diernom podklade.<\/li>\n<li>Ve\u013ekos\u0165 kabelky: 3 (54cm)<\/li>\n<li>Materi\u00e1l: Guma\/syntetick\u00e1 ko\u017ea<\/li>\n<li>Pod\u0161\u00edvka: Sat\u00e9n<\/li>\n<li>Horn\u00e9 rukov\u00e4te z \u010diernej ko\u017ee<\/li>\n<li>\u010cierny ko\u017een\u00fd remienok 120cm<\/li>\n<li>Ru\u010dn\u00e1 v\u00fdroba<\/li>\n<\/ul>","protected":false},"excerpt":{"rendered":"<p>Klasick\u00e1 basketbalov\u00e1 oran\u017eov\u00e1, ale upgrade s kovov\u00fdmi dierkami a plie\u0161kami. Trochu raw, trochu edgy.<\/p>\n<p>Toto nie je basic.<\/p>","protected":false},"featured_media":858,"comment_status":"open","ping_status":"closed","template":"","meta":[],"product_brand":[],"product_cat":[23],"product_tag":[],"class_list":{"0":"post-866","1":"product","2":"type-product","3":"status-publish","4":"has-post-thumbnail","6":"product_cat-nba","8":"first","9":"instock","10":"taxable","11":"shipping-taxable","12":"purchasable","13":"product-type-simple"},"jetpack_sharing_enabled":true,"_links":{"self":[{"href":"https:\/\/kaifcustom.com\/en\/wp-json\/wp\/v2\/product\/866","targetHints":{"allow":["GET"]}}],"collection":[{"href":"https:\/\/kaifcustom.com\/en\/wp-json\/wp\/v2\/product"}],"about":[{"href":"https:\/\/kaifcustom.com\/en\/wp-json\/wp\/v2\/types\/product"}],"replies":[{"embeddable":true,"href":"https:\/\/kaifcustom.com\/en\/wp-json\/wp\/v2\/comments?post=866"}],"wp:featuredmedia":[{"embeddable":true,"href":"https:\/\/kaifcustom.com\/en\/wp-json\/wp\/v2\/media\/858"}],"wp:attachment":[{"href":"https:\/\/kaifcustom.com\/en\/wp-json\/wp\/v2\/media?parent=866"}],"wp:term":[{"taxonomy":"product_brand","embeddable":true,"href":"https:\/\/kaifcustom.com\/en\/wp-json\/wp\/v2\/product_brand?post=866"},{"taxonomy":"product_cat","embeddable":true,"href":"https:\/\/kaifcustom.com\/en\/wp-json\/wp\/v2\/product_cat?post=866"},{"taxonomy":"product_tag","embeddable":true,"href":"https:\/\/kaifcustom.com\/en\/wp-json\/wp\/v2\/product_tag?post=866"}],"curies":[{"name":"wp","href":"https:\/\/api.w.org\/{rel}","templated":true}]}}