{"id":870,"date":"2026-05-05T19:09:03","date_gmt":"2026-05-05T17:09:03","guid":{"rendered":"https:\/\/kaifcustom.com\/?post_type=product&#038;p=870"},"modified":"2026-05-05T19:12:00","modified_gmt":"2026-05-05T17:12:00","slug":"mini-fly","status":"publish","type":"product","link":"https:\/\/kaifcustom.com\/en\/product\/mini-fly\/","title":{"rendered":"Mini FLY"},"content":{"rendered":"<ul>\n<li>Ve\u013ekos\u0165 kabelky: 13\/22cm<\/li>\n<li>Materi\u00e1l: Guma\/syntetick\u00e1 ko\u017ea<\/li>\n<li>Pod\u0161\u00edvka: Sat\u00e9n<\/li>\n<li>\u010cierny ko\u017een\u00fd remienok 120cm<\/li>\n<li>Ru\u010dn\u00e1 v\u00fdroba<\/li>\n<\/ul>","protected":false},"excerpt":{"rendered":"<p>Mal\u00e1, \u013eahk\u00e1, ide\u0161 a nerie\u0161i\u0161. Mini lopta, crossbody \u0161t\u00fdl \u2013 ide\u00e1l na dni, ke\u010f chce\u0161 ma\u0165 vo\u013en\u00e9 ruky a st\u00e1le vyzera\u0165 dobre.<\/p>","protected":false},"featured_media":847,"comment_status":"open","ping_status":"closed","template":"","meta":[],"product_brand":[],"product_cat":[24],"product_tag":[],"class_list":{"0":"post-870","1":"product","2":"type-product","3":"status-publish","4":"has-post-thumbnail","6":"product_cat-nfl","8":"first","9":"instock","10":"taxable","11":"shipping-taxable","12":"purchasable","13":"product-type-simple"},"jetpack_sharing_enabled":true,"_links":{"self":[{"href":"https:\/\/kaifcustom.com\/en\/wp-json\/wp\/v2\/product\/870","targetHints":{"allow":["GET"]}}],"collection":[{"href":"https:\/\/kaifcustom.com\/en\/wp-json\/wp\/v2\/product"}],"about":[{"href":"https:\/\/kaifcustom.com\/en\/wp-json\/wp\/v2\/types\/product"}],"replies":[{"embeddable":true,"href":"https:\/\/kaifcustom.com\/en\/wp-json\/wp\/v2\/comments?post=870"}],"wp:featuredmedia":[{"embeddable":true,"href":"https:\/\/kaifcustom.com\/en\/wp-json\/wp\/v2\/media\/847"}],"wp:attachment":[{"href":"https:\/\/kaifcustom.com\/en\/wp-json\/wp\/v2\/media?parent=870"}],"wp:term":[{"taxonomy":"product_brand","embeddable":true,"href":"https:\/\/kaifcustom.com\/en\/wp-json\/wp\/v2\/product_brand?post=870"},{"taxonomy":"product_cat","embeddable":true,"href":"https:\/\/kaifcustom.com\/en\/wp-json\/wp\/v2\/product_cat?post=870"},{"taxonomy":"product_tag","embeddable":true,"href":"https:\/\/kaifcustom.com\/en\/wp-json\/wp\/v2\/product_tag?post=870"}],"curies":[{"name":"wp","href":"https:\/\/api.w.org\/{rel}","templated":true}]}}